{"id":3,"date":"2023-01-23T02:27:54","date_gmt":"2023-01-23T02:27:54","guid":{"rendered":"http:\/\/ecogreenbiode.com\/?page_id=3"},"modified":"2023-02-09T21:58:39","modified_gmt":"2023-02-10T02:58:39","slug":"privacy-policy","status":"publish","type":"page","link":"https:\/\/ecogreenbiode.com\/en\/privacy-policy\/","title":{"rendered":"Pol\u00edtica de tratamiento de datos"},"content":{"rendered":"<div class=\"wp-block-columns is-layout-flex wp-container-core-columns-is-layout-9d6595d7 wp-block-columns-is-layout-flex\">\n<div class=\"wp-block-column is-layout-flow wp-block-column-is-layout-flow\" style=\"flex-basis:15%\"><\/div>\n\n\n\n<div class=\"wp-block-column is-layout-flow wp-block-column-is-layout-flow\" style=\"flex-basis:70%\">\n<p><strong>BIODEGRADABLES ECOGREEN LTDA.<\/strong>,&nbsp;atendiendo la Ley 1581 de 2012 y al Decreto 1377 de 2013, le informa que sus datos personales hacen parte de la base de datos que administra, esto con el fin de mantener contacto permanente con usted, prestarle una mejor atenci\u00f3n y comunicarle nuestras promociones, eventos, novedades y productos.<\/p>\n\n\n\n<p>En desarrollo del tratamiento de sus datos personales, queremos que conozca que los mecanismos que utilizamos para la custodia de esta informaci\u00f3n son seguros y lo queremos invitar a continuar siendo parte de nuestras bases de datos, con la seguridad de que los mismos son almacenados de manera confidencial.<\/p>\n\n\n\n<p>No obstante, si es su deseo corregir, actualizar o retirar sus datos e informaci\u00f3n personal de nuestra base de datos, le pedimos el favor que dentro de los diez (10) d\u00edas calendario siguientes al recibo de esta comunicaci\u00f3n nos lo haga saber a fin de actualizar, corregir o retirar dicha informaci\u00f3n de manera inmediata, para lo cual lo invitamos a enviar firmada la comunicaci\u00f3n adjunta a esta direcci\u00f3n, o de lo contrario, al correo&nbsp;<strong>administracion@ecogreenbiode.com<\/strong>&nbsp;solicitando la supresi\u00f3n de sus datos o la actualizaci\u00f3n requerida, de no obtener manifestaci\u00f3n alguna durante dicho t\u00e9rmino, entenderemos que podremos continuar haciendo uso de sus datos, sin embargo, queremos recordarle que en cualquier momento nos podr\u00e1 solicitar la supresi\u00f3n o modificaci\u00f3n de los mismos. Para nosotros es importante contar con usted, de esta manera nos impulsa a crecer continuamente, brind\u00e1ndole el mejor servicio y el mejor producto.<\/p>\n\n\n\n<p><\/p>\n<\/div>\n\n\n\n<div class=\"wp-block-column is-layout-flow wp-block-column-is-layout-flow\" style=\"flex-basis:15%\"><\/div>\n<\/div>\n\n\n\n<div style=\"height:50px\" aria-hidden=\"true\" class=\"wp-block-spacer\"><\/div>\n\n\n\n<h3 class=\"has-text-align-center wp-block-heading\">FIND OUR PRODUCTS<\/h3>\n\n\n\n<div style=\"height:30px\" aria-hidden=\"true\" class=\"wp-block-spacer\"><\/div>\n\n\n\n<div class=\"wp-block-columns alignwide vw-gardening-landscaping service-col mx-md-5 mx-0 is-layout-flex wp-container-core-columns-is-layout-9d6595d7 wp-block-columns-is-layout-flex\">\n<div class=\"wp-block-column vw-gardening-landscaping expertise-col p-4 mb-5 mx-3 mx-lg-0 mx-md-0 animated fadeInUp is-layout-flow wp-block-column-is-layout-flow\"><div class=\"wp-block-image text-center\">\n<figure class=\"aligncenter size-thumbnail\"><img decoding=\"async\" width=\"150\" height=\"150\" data-src=\"https:\/\/ecogreenbiode.com\/wp-content\/uploads\/2023\/02\/carrito-150x150.png\" alt=\"\" class=\"wp-image-170 lazyload\" data-srcset=\"https:\/\/ecogreenbiode.com\/wp-content\/uploads\/2023\/02\/carrito-150x150.png 150w, https:\/\/ecogreenbiode.com\/wp-content\/uploads\/2023\/02\/carrito-300x300.png 300w, https:\/\/ecogreenbiode.com\/wp-content\/uploads\/2023\/02\/carrito-100x100.png 100w, https:\/\/ecogreenbiode.com\/wp-content\/uploads\/2023\/02\/carrito.png 500w\" data-sizes=\"(max-width: 150px) 100vw, 150px\" src=\"data:image\/svg+xml;base64,PHN2ZyB3aWR0aD0iMSIgaGVpZ2h0PSIxIiB4bWxucz0iaHR0cDovL3d3dy53My5vcmcvMjAwMC9zdmciPjwvc3ZnPg==\" style=\"--smush-placeholder-width: 150px; --smush-placeholder-aspect-ratio: 150\/150;\" \/><\/figure>\n<\/div>\n\n\n<div class=\"wp-block-ive-ibtana-visual-editorheading\"><div class=\"ive-advanced-text-wrap ive-div-advance-text_cae4bd-3d undefined text-center text-md-center text-lg-center text-xl-center\"><h2 class=\"ive-heading-parent undefined ive-advanced-text-inner-wrap ive-adv-advance-text_cae4bd-3d ive-lh-xs-30 ive-lh-sm-30 ive-lh-md-30 ive-lh-lg-30 ive-lh-xl-30\" id=\"ive-adv-advance-text_cae4bd-3d\"><strong>FOR YOU<\/strong><\/h2><\/div><\/div>\n\n\n\n<div class=\"wp-block-ive-ibtana-visual-editorheading o-typing-faster\"><div class=\"ive-advanced-text-wrap ive-div-advance-text_95d392-a8 undefined text-center text-md-center text-lg-center text-xl-center\"><p class=\"ive-heading-parent undefined ive-advanced-text-inner-wrap ive-adv-advance-text_95d392-a8 ive-lh-xs-30 ive-lh-sm-30 ive-lh-md-30 ive-lh-lg-30 ive-lh-xl-30\" id=\"ive-adv-advance-text_95d392-a8\">Find our main retail locations and chain stores where you can buy <strong><o-anim-typing>soluciones y productos eco-usables<\/o-anim-typing><\/strong> al detal.<\/p><\/div><\/div>\n\n\n\n<div class=\"wp-block-ive-ibtana-visual-editorbtn btn-inner-wrap ive-btn-main-parent_5fea6b-72 vw-gardening-landscaping our-expertise-btn text-center\"><div class=\"ive-btn-wrap ive-btn-unique_5fea6b-72 undefined ive-btn-wrap-0 ive-btn-align  text-center text-sm-left text-lg-center text-xl-center\"><a class=\"anchrstyle ive-button-ad_5fea6b-72 ive-button-0 ive-btn-0-action ive-btn-svg-showalways ive-btn-has-text-true\" href=\"https:\/\/ecogreenbiode.com\/en\/para-ti\/\" target=\"_self\" rel=\"noreferrer noopener\"><span class=\"ive-btn-inner-text\">WHERE TO BUY<\/span><\/a><\/div><\/div>\n<\/div>\n\n\n\n<div class=\"wp-block-column vw-gardening-landscaping expertise-col p-4 mb-5 mx-3 mx-lg-0 mx-md-0 animated fadeInUp delay-100ms is-layout-flow wp-block-column-is-layout-flow\"><div class=\"wp-block-image text-center\">\n<figure class=\"aligncenter size-thumbnail\"><img decoding=\"async\" width=\"150\" height=\"150\" data-src=\"https:\/\/ecogreenbiode.com\/wp-content\/uploads\/2023\/02\/distribucion-150x150.png\" alt=\"\" class=\"wp-image-169 lazyload\" data-srcset=\"https:\/\/ecogreenbiode.com\/wp-content\/uploads\/2023\/02\/distribucion-150x150.png 150w, https:\/\/ecogreenbiode.com\/wp-content\/uploads\/2023\/02\/distribucion-300x300.png 300w, https:\/\/ecogreenbiode.com\/wp-content\/uploads\/2023\/02\/distribucion-100x100.png 100w, https:\/\/ecogreenbiode.com\/wp-content\/uploads\/2023\/02\/distribucion.png 500w\" data-sizes=\"(max-width: 150px) 100vw, 150px\" src=\"data:image\/svg+xml;base64,PHN2ZyB3aWR0aD0iMSIgaGVpZ2h0PSIxIiB4bWxucz0iaHR0cDovL3d3dy53My5vcmcvMjAwMC9zdmciPjwvc3ZnPg==\" style=\"--smush-placeholder-width: 150px; --smush-placeholder-aspect-ratio: 150\/150;\" \/><\/figure>\n<\/div>\n\n\n<div class=\"wp-block-ive-ibtana-visual-editorheading\"><div class=\"ive-advanced-text-wrap ive-div-advance-text_a4b407-d4 undefined text-center text-md-center text-lg-center text-xl-center\"><h2 class=\"ive-heading-parent undefined ive-advanced-text-inner-wrap ive-adv-advance-text_a4b407-d4 ive-lh-xs-30 ive-lh-sm-30 ive-lh-md-30 ive-lh-lg-30 ive-lh-xl-30\" id=\"ive-adv-advance-text_a4b407-d4\"><strong>FOR YOUR BUSINESS<\/strong><\/h2><\/div><\/div>\n\n\n\n<div class=\"wp-block-ive-ibtana-visual-editorheading o-typing-faster\"><div class=\"ive-advanced-text-wrap ive-div-advance-text_730404-fb undefined text-center text-md-center text-lg-center text-xl-center\"><p class=\"ive-heading-parent undefined ive-advanced-text-inner-wrap ive-adv-advance-text_730404-fb ive-lh-xs-30 ive-lh-sm-30 ive-lh-md-30 ive-lh-lg-30 ive-lh-xl-30\" id=\"ive-adv-advance-text_730404-fb\">Si est\u00e1s interesado en consumir o comercializar <strong><o-anim-typing>soluciones y productos eco-usables<\/o-anim-typing><\/strong> al por mayor, cont\u00e1ctanos aqu\u00ed. <\/p><\/div><\/div>\n\n\n\n<div class=\"wp-block-ive-ibtana-visual-editorbtn btn-inner-wrap ive-btn-main-parent_023875-47 vw-gardening-landscaping our-expertise-btn text-center\"><div class=\"ive-btn-wrap ive-btn-unique_023875-47 undefined ive-btn-wrap-0 ive-btn-align  text-center text-sm-left text-lg-center text-xl-center\"><a class=\"anchrstyle ive-button-ad_023875-47 ive-button-0 ive-btn-0-action ive-btn-svg-showalways ive-btn-has-text-true\" href=\"https:\/\/ecogreenbiode.com\/en\/para-tu-negocio\/\" target=\"_self\" rel=\"noreferrer noopener\"><span class=\"ive-btn-inner-text\">DISTRIBUTORS<\/span><\/a><\/div><\/div>\n<\/div>\n<\/div>","protected":false},"excerpt":{"rendered":"<p>BIODEGRADABLES ECOGREEN LTDA.,&nbsp;atendiendo la Ley 1581 de 2012 y al Decreto 1377 de 2013, le informa que sus datos personales hacen parte de la base de datos que administra, esto con el fin de mantener contacto permanente con usted, prestarle una mejor atenci\u00f3n y comunicarle nuestras promociones, eventos, novedades y productos. En desarrollo del tratamiento [&hellip;]<\/p>\n","protected":false},"author":1,"featured_media":0,"parent":0,"menu_order":0,"comment_status":"closed","ping_status":"open","template":"","meta":{"_regular_price":[],"currency_symbol":[],"content-type":"","_themeisle_gutenberg_block_has_review":false,"_joinchat":[],"footnotes":""},"class_list":["post-3","page","type-page","status-publish","hentry"],"post_slider_layout_featured_media_urls":{"thumbnail":"","post_slider_layout_landscape_large":"","post_slider_layout_portrait_large":"","post_slider_layout_square_large":"","post_slider_layout_landscape":"","post_slider_layout_portrait":"","post_slider_layout_square":"","full":""},"yoast_head":"<!-- This site is optimized with the Yoast SEO plugin v27.5 - https:\/\/yoast.com\/product\/yoast-seo-wordpress\/ -->\n<title>Pol\u00edtica de tratamiento de datos - Ecogreen Biodegradables<\/title>\n<meta name=\"robots\" content=\"index, follow, max-snippet:-1, max-image-preview:large, max-video-preview:-1\" \/>\n<link rel=\"canonical\" href=\"https:\/\/ecogreenbiode.com\/en\/privacy-policy\/\" \/>\n<meta property=\"og:locale\" content=\"en_US\" \/>\n<meta property=\"og:type\" content=\"article\" \/>\n<meta property=\"og:title\" content=\"Pol\u00edtica de tratamiento de datos - Ecogreen Biodegradables\" \/>\n<meta property=\"og:description\" content=\"BIODEGRADABLES ECOGREEN LTDA.,&nbsp;atendiendo la Ley 1581 de 2012 y al Decreto 1377 de 2013, le informa que sus datos personales hacen parte de la base de datos que administra, esto con el fin de mantener contacto permanente con usted, prestarle una mejor atenci\u00f3n y comunicarle nuestras promociones, eventos, novedades y productos. En desarrollo del tratamiento [&hellip;]\" \/>\n<meta property=\"og:url\" content=\"https:\/\/ecogreenbiode.com\/en\/privacy-policy\/\" \/>\n<meta property=\"article:publisher\" content=\"https:\/\/www.facebook.com\/biodegradablesecogreen\" \/>\n<meta property=\"article:modified_time\" content=\"2023-02-10T02:58:39+00:00\" \/>\n<meta property=\"og:image\" content=\"https:\/\/ecogreenbiode.com\/wp-content\/uploads\/2023\/02\/carrito-150x150.png\" \/>\n<meta name=\"twitter:card\" content=\"summary_large_image\" \/>\n<meta name=\"twitter:label1\" content=\"Est. reading time\" \/>\n\t<meta name=\"twitter:data1\" content=\"2 minutes\" \/>\n<script type=\"application\/ld+json\" class=\"yoast-schema-graph\">{\"@context\":\"https:\\\/\\\/schema.org\",\"@graph\":[{\"@type\":\"WebPage\",\"@id\":\"https:\\\/\\\/ecogreenbiode.com\\\/privacy-policy\\\/\",\"url\":\"https:\\\/\\\/ecogreenbiode.com\\\/privacy-policy\\\/\",\"name\":\"Pol\u00edtica de tratamiento de datos - Ecogreen Biodegradables\",\"isPartOf\":{\"@id\":\"https:\\\/\\\/ecogreenbiode.com\\\/#website\"},\"primaryImageOfPage\":{\"@id\":\"https:\\\/\\\/ecogreenbiode.com\\\/privacy-policy\\\/#primaryimage\"},\"image\":{\"@id\":\"https:\\\/\\\/ecogreenbiode.com\\\/privacy-policy\\\/#primaryimage\"},\"thumbnailUrl\":\"https:\\\/\\\/ecogreenbiode.com\\\/wp-content\\\/uploads\\\/2023\\\/02\\\/carrito-150x150.png\",\"datePublished\":\"2023-01-23T02:27:54+00:00\",\"dateModified\":\"2023-02-10T02:58:39+00:00\",\"breadcrumb\":{\"@id\":\"https:\\\/\\\/ecogreenbiode.com\\\/privacy-policy\\\/#breadcrumb\"},\"inLanguage\":\"en-US\",\"potentialAction\":[{\"@type\":\"ReadAction\",\"target\":[\"https:\\\/\\\/ecogreenbiode.com\\\/privacy-policy\\\/\"]}]},{\"@type\":\"ImageObject\",\"inLanguage\":\"en-US\",\"@id\":\"https:\\\/\\\/ecogreenbiode.com\\\/privacy-policy\\\/#primaryimage\",\"url\":\"https:\\\/\\\/ecogreenbiode.com\\\/wp-content\\\/uploads\\\/2023\\\/02\\\/carrito-150x150.png\",\"contentUrl\":\"https:\\\/\\\/ecogreenbiode.com\\\/wp-content\\\/uploads\\\/2023\\\/02\\\/carrito-150x150.png\"},{\"@type\":\"BreadcrumbList\",\"@id\":\"https:\\\/\\\/ecogreenbiode.com\\\/privacy-policy\\\/#breadcrumb\",\"itemListElement\":[{\"@type\":\"ListItem\",\"position\":1,\"name\":\"Inicio\",\"item\":\"https:\\\/\\\/ecogreenbiode.com\\\/\"},{\"@type\":\"ListItem\",\"position\":2,\"name\":\"Pol\u00edtica de tratamiento de datos\"}]},{\"@type\":\"WebSite\",\"@id\":\"https:\\\/\\\/ecogreenbiode.com\\\/#website\",\"url\":\"https:\\\/\\\/ecogreenbiode.com\\\/\",\"name\":\"ecogreenbiode.com\",\"description\":\"\",\"publisher\":{\"@id\":\"https:\\\/\\\/ecogreenbiode.com\\\/#organization\"},\"potentialAction\":[{\"@type\":\"SearchAction\",\"target\":{\"@type\":\"EntryPoint\",\"urlTemplate\":\"https:\\\/\\\/ecogreenbiode.com\\\/?s={search_term_string}\"},\"query-input\":{\"@type\":\"PropertyValueSpecification\",\"valueRequired\":true,\"valueName\":\"search_term_string\"}}],\"inLanguage\":\"en-US\"},{\"@type\":\"Organization\",\"@id\":\"https:\\\/\\\/ecogreenbiode.com\\\/#organization\",\"name\":\"Ecogreen Biodegradables\",\"url\":\"https:\\\/\\\/ecogreenbiode.com\\\/\",\"logo\":{\"@type\":\"ImageObject\",\"inLanguage\":\"en-US\",\"@id\":\"https:\\\/\\\/ecogreenbiode.com\\\/#\\\/schema\\\/logo\\\/image\\\/\",\"url\":\"https:\\\/\\\/ecogreenbiode.com\\\/wp-content\\\/uploads\\\/2023\\\/01\\\/cropped-logo-ecogreenxx-1.png\",\"contentUrl\":\"https:\\\/\\\/ecogreenbiode.com\\\/wp-content\\\/uploads\\\/2023\\\/01\\\/cropped-logo-ecogreenxx-1.png\",\"width\":240,\"height\":139,\"caption\":\"Ecogreen Biodegradables\"},\"image\":{\"@id\":\"https:\\\/\\\/ecogreenbiode.com\\\/#\\\/schema\\\/logo\\\/image\\\/\"},\"sameAs\":[\"https:\\\/\\\/www.facebook.com\\\/biodegradablesecogreen\"]}]}<\/script>\n<!-- \/ Yoast SEO plugin. -->","yoast_head_json":{"title":"Pol\u00edtica de tratamiento de datos - Ecogreen Biodegradables","robots":{"index":"index","follow":"follow","max-snippet":"max-snippet:-1","max-image-preview":"max-image-preview:large","max-video-preview":"max-video-preview:-1"},"canonical":"https:\/\/ecogreenbiode.com\/en\/privacy-policy\/","og_locale":"en_US","og_type":"article","og_title":"Pol\u00edtica de tratamiento de datos - Ecogreen Biodegradables","og_description":"BIODEGRADABLES ECOGREEN LTDA.,&nbsp;atendiendo la Ley 1581 de 2012 y al Decreto 1377 de 2013, le informa que sus datos personales hacen parte de la base de datos que administra, esto con el fin de mantener contacto permanente con usted, prestarle una mejor atenci\u00f3n y comunicarle nuestras promociones, eventos, novedades y productos. En desarrollo del tratamiento [&hellip;]","og_url":"https:\/\/ecogreenbiode.com\/en\/privacy-policy\/","article_publisher":"https:\/\/www.facebook.com\/biodegradablesecogreen","article_modified_time":"2023-02-10T02:58:39+00:00","og_image":[{"url":"https:\/\/ecogreenbiode.com\/wp-content\/uploads\/2023\/02\/carrito-150x150.png","type":"","width":"","height":""}],"twitter_card":"summary_large_image","twitter_misc":{"Est. reading time":"2 minutes"},"schema":{"@context":"https:\/\/schema.org","@graph":[{"@type":"WebPage","@id":"https:\/\/ecogreenbiode.com\/privacy-policy\/","url":"https:\/\/ecogreenbiode.com\/privacy-policy\/","name":"Pol\u00edtica de tratamiento de datos - Ecogreen Biodegradables","isPartOf":{"@id":"https:\/\/ecogreenbiode.com\/#website"},"primaryImageOfPage":{"@id":"https:\/\/ecogreenbiode.com\/privacy-policy\/#primaryimage"},"image":{"@id":"https:\/\/ecogreenbiode.com\/privacy-policy\/#primaryimage"},"thumbnailUrl":"https:\/\/ecogreenbiode.com\/wp-content\/uploads\/2023\/02\/carrito-150x150.png","datePublished":"2023-01-23T02:27:54+00:00","dateModified":"2023-02-10T02:58:39+00:00","breadcrumb":{"@id":"https:\/\/ecogreenbiode.com\/privacy-policy\/#breadcrumb"},"inLanguage":"en-US","potentialAction":[{"@type":"ReadAction","target":["https:\/\/ecogreenbiode.com\/privacy-policy\/"]}]},{"@type":"ImageObject","inLanguage":"en-US","@id":"https:\/\/ecogreenbiode.com\/privacy-policy\/#primaryimage","url":"https:\/\/ecogreenbiode.com\/wp-content\/uploads\/2023\/02\/carrito-150x150.png","contentUrl":"https:\/\/ecogreenbiode.com\/wp-content\/uploads\/2023\/02\/carrito-150x150.png"},{"@type":"BreadcrumbList","@id":"https:\/\/ecogreenbiode.com\/privacy-policy\/#breadcrumb","itemListElement":[{"@type":"ListItem","position":1,"name":"Inicio","item":"https:\/\/ecogreenbiode.com\/"},{"@type":"ListItem","position":2,"name":"Pol\u00edtica de tratamiento de datos"}]},{"@type":"WebSite","@id":"https:\/\/ecogreenbiode.com\/#website","url":"https:\/\/ecogreenbiode.com\/","name":"ecogreenbiode.com","description":"","publisher":{"@id":"https:\/\/ecogreenbiode.com\/#organization"},"potentialAction":[{"@type":"SearchAction","target":{"@type":"EntryPoint","urlTemplate":"https:\/\/ecogreenbiode.com\/?s={search_term_string}"},"query-input":{"@type":"PropertyValueSpecification","valueRequired":true,"valueName":"search_term_string"}}],"inLanguage":"en-US"},{"@type":"Organization","@id":"https:\/\/ecogreenbiode.com\/#organization","name":"Ecogreen Biodegradables","url":"https:\/\/ecogreenbiode.com\/","logo":{"@type":"ImageObject","inLanguage":"en-US","@id":"https:\/\/ecogreenbiode.com\/#\/schema\/logo\/image\/","url":"https:\/\/ecogreenbiode.com\/wp-content\/uploads\/2023\/01\/cropped-logo-ecogreenxx-1.png","contentUrl":"https:\/\/ecogreenbiode.com\/wp-content\/uploads\/2023\/01\/cropped-logo-ecogreenxx-1.png","width":240,"height":139,"caption":"Ecogreen Biodegradables"},"image":{"@id":"https:\/\/ecogreenbiode.com\/#\/schema\/logo\/image\/"},"sameAs":["https:\/\/www.facebook.com\/biodegradablesecogreen"]}]}},"_links":{"self":[{"href":"https:\/\/ecogreenbiode.com\/en\/wp-json\/wp\/v2\/pages\/3","targetHints":{"allow":["GET"]}}],"collection":[{"href":"https:\/\/ecogreenbiode.com\/en\/wp-json\/wp\/v2\/pages"}],"about":[{"href":"https:\/\/ecogreenbiode.com\/en\/wp-json\/wp\/v2\/types\/page"}],"author":[{"embeddable":true,"href":"https:\/\/ecogreenbiode.com\/en\/wp-json\/wp\/v2\/users\/1"}],"replies":[{"embeddable":true,"href":"https:\/\/ecogreenbiode.com\/en\/wp-json\/wp\/v2\/comments?post=3"}],"version-history":[{"count":3,"href":"https:\/\/ecogreenbiode.com\/en\/wp-json\/wp\/v2\/pages\/3\/revisions"}],"predecessor-version":[{"id":589,"href":"https:\/\/ecogreenbiode.com\/en\/wp-json\/wp\/v2\/pages\/3\/revisions\/589"}],"wp:attachment":[{"href":"https:\/\/ecogreenbiode.com\/en\/wp-json\/wp\/v2\/media?parent=3"}],"curies":[{"name":"wp","href":"https:\/\/api.w.org\/{rel}","templated":true}]}}