{"id":541,"date":"2023-02-07T23:47:15","date_gmt":"2023-02-08T04:47:15","guid":{"rendered":"https:\/\/ecogreenbiode.com\/?page_id=541"},"modified":"2023-04-20T11:10:12","modified_gmt":"2023-04-20T16:10:12","slug":"informacion-institucional","status":"publish","type":"page","link":"https:\/\/ecogreenbiode.com\/en\/informacion-institucional\/","title":{"rendered":"Informaci\u00f3n Institucional"},"content":{"rendered":"\n<div class=\"wp-block-columns is-layout-flex wp-container-core-columns-is-layout-9d6595d7 wp-block-columns-is-layout-flex\">\n<div class=\"wp-block-column is-layout-flow wp-block-column-is-layout-flow\" style=\"flex-basis:15%\"><\/div>\n\n\n\n<div class=\"wp-block-column is-layout-flow wp-block-column-is-layout-flow\" style=\"flex-basis:70%\">\n<div style=\"height:30px\" aria-hidden=\"true\" class=\"wp-block-spacer\"><\/div>\n\n\n\n<h2 class=\"has-text-color wp-block-heading\" style=\"color:#333333\">NUESTRA MISI\u00d3N<\/h2>\n\n\n\n<div style=\"height:30px\" aria-hidden=\"true\" class=\"wp-block-spacer\"><\/div>\n\n\n\n<p class=\"has-text-color\" style=\"color:#555555\">Crear cultura y generar conciencia de la importancia del uso de productos y empaques biodegradables, ofreciendo la mejor opci\u00f3n &nbsp;en cuanto a calidad, servicio y cumplimiento.&nbsp;<\/p>\n\n\n\n<p class=\"has-text-color\" style=\"color:#555555\">Operamos sobre una plataforma sostenible, adem\u00e1s de capacitar, apoyar e invertir en nuestro recurso humano, y participar activamente en programas y proyectos centrados en el cuidado del medio ambiente.&nbsp;<\/p>\n\n\n\n<div style=\"height:50px\" aria-hidden=\"true\" class=\"wp-block-spacer\"><\/div>\n\n\n\n<h2 class=\"has-text-color wp-block-heading\" style=\"color:#333333\">NUESTRA VISI\u00d3N<\/h2>\n\n\n\n<div style=\"height:30px\" aria-hidden=\"true\" class=\"wp-block-spacer\"><\/div>\n\n\n\n<p class=\"has-text-color\" style=\"color:#555555\">Como pioneros en el mercado de los ecousables biodegradables, nos proyectamos para cubrir el mercado nacional y latinoamericano, en los diferentes sectores empresariales, gracias a nuestras alianzas y compromiso con clientes y proveedores.<\/p>\n\n\n\n<div style=\"height:50px\" aria-hidden=\"true\" class=\"wp-block-spacer\"><\/div>\n\n\n\n<h2 class=\"has-text-color wp-block-heading\" style=\"color:#333333\">RESPONSABILIDAD SOCIAL EMPRESARIAL<\/h2>\n\n\n\n<div style=\"height:30px\" aria-hidden=\"true\" class=\"wp-block-spacer\"><\/div>\n\n\n\n<p class=\"has-text-color\" style=\"color:#555555\"><strong>Ecogreen<\/strong> es una empresa que est\u00e1 estrechamente relacionada con la Responsabilidad Social Empresarial, dado que seg\u00fan la definici\u00f3n de la ISO 26000 del 2010 dice que:<\/p>\n\n\n\n<p class=\"has-text-color\" style=\"color:#555555\">\u201cResponsabilidad de una Organizaci\u00f3n por los impactos de sus decisiones y actividades sobre la sociedad y el medio ambiente, a trav\u00e9s de un comportamiento \u00e9tico y transparente que:<\/p>\n\n\n\n<ul class=\"wp-block-list\">\n<li>Sea consciente con el desarrollo sostenible y el bienestar de la sociedad.<\/li>\n\n\n\n<li>Tome en cuenta las expectativas de las partes interesadas.<\/li>\n\n\n\n<li>Est\u00e9 en conformidad con la legislaci\u00f3n vigente y congruente con las normas de conducta internacionales.<\/li>\n\n\n\n<li>Sea integrada en toda la Organizaci\u00f3n y practicada en todas sus relaciones.\u201d<\/li>\n<\/ul>\n\n\n\n<p class=\"has-text-color\" style=\"color:#555555\">Por esto, una de las preguntas claves de la Responsabilidad Social es \u00bfQu\u00e9 impacto tiene lo que hacemos?, es por esto que <strong>Ecogreen<\/strong> se destaca, ya que se encarga de importar y comercializar productos ecousables 100% Biodegradables, fabricados a base de almid\u00f3n de ma\u00edz que se desintegran en el ambiente en 180 d\u00edas por acci\u00f3n biol\u00f3gica convirti\u00e9ndose en CO2, agua y biomasa.<\/p>\n\n\n\n<p class=\"has-text-color\" style=\"color:#555555\">Adicionalmente, <strong>Ecogreen<\/strong> tiene en cuenta: La \u00e9tica que cobija a todos los grupos de inter\u00e9s (stakeholders) tanto internos como externos; los objetivos del milenio, los cu\u00e1les son c\u00f3mo contribuimos cada uno de nosotros a la disminuci\u00f3n de la pobreza, la igualdad de g\u00e9nero y condiciones, la protecci\u00f3n ambiental, entre otras; siendo todos los puntos anteriormente mencionados, los elementos presentes en la ejecuci\u00f3n de cualquier actividad a desarrollar por <strong>Ecogreen<\/strong>.<\/p>\n<\/div>\n\n\n\n<div class=\"wp-block-column is-layout-flow wp-block-column-is-layout-flow\" style=\"flex-basis:15%\"><\/div>\n<\/div>\n\n\n\n<div style=\"height:50px\" aria-hidden=\"true\" class=\"wp-block-spacer\"><\/div>\n\n\n\n<div class=\"wp-block-columns is-layout-flex wp-container-core-columns-is-layout-9d6595d7 wp-block-columns-is-layout-flex\">\n<div class=\"wp-block-column is-layout-flow wp-block-column-is-layout-flow\" style=\"flex-basis:15%\"><\/div>\n\n\n\n<div class=\"wp-block-column is-layout-flow wp-block-column-is-layout-flow\" style=\"flex-basis:70%\">\n<p class=\"has-text-color\" style=\"color:#333333\">En el a\u00f1o 2008, nuestro gerente, inquieto, creativo, emprendedor y con su alma de vendedor heredado de sus ancestros caldenses, decidi\u00f3 viajar fuera del pa\u00eds con un sue\u00f1o y la idea de ver nuevos horizontes, en este viaje encontr\u00f3 una oportunidad para nuestro pa\u00eds.<br>Pensando en el planeta y en las generaciones futuras, decidi\u00f3 incursionar en el mundo de los empaques biodegradables y trajo a nuestro pa\u00eds con capital propio y de varios accionistas amigos que confiaron en \u00e9l, empaques elaborados en base de almid\u00f3n de ma\u00edz para comercializarlos a trav\u00e9s de la empresa que fundo BIODEGRADABLES ECOGREEN en la ciudad de Bogot\u00e1.<br>Siempre busc\u00f3 posicionar su marca como fiel amante de los carros, en ser el Ferrari de los empaques en nuestro pa\u00eds y sobretodo con su fiel compromiso de ayudar a los dem\u00e1s generando empleo y oportunidades para la gente para su crecimiento personal y profesional.<br>Ya son mas de 15 a\u00f1os en el mercado colombiano, donde seguramente con su trabajo y tenacidad seguir\u00e1 ofreciendo muchas alternativas para el futuro.<\/p>\n<\/div>\n\n\n\n<div class=\"wp-block-column is-layout-flow wp-block-column-is-layout-flow\" style=\"flex-basis:15%\"><\/div>\n<\/div>\n\n\n\n<div style=\"height:50px\" aria-hidden=\"true\" class=\"wp-block-spacer\"><\/div>\n\n\n\n<div class=\"wp-block-cover alignfull\"><span aria-hidden=\"true\" class=\"wp-block-cover__background has-background-dim\"><\/span><img decoding=\"async\" width=\"1920\" height=\"1080\" class=\"wp-block-cover__image-background wp-image-1279 lazyload\" alt=\"\" data-src=\"https:\/\/ecogreenbiode.com\/wp-content\/uploads\/2023\/04\/6.png\" data-object-fit=\"cover\" data-srcset=\"https:\/\/ecogreenbiode.com\/wp-content\/uploads\/2023\/04\/6.png 1920w, https:\/\/ecogreenbiode.com\/wp-content\/uploads\/2023\/04\/6-600x338.png 600w, https:\/\/ecogreenbiode.com\/wp-content\/uploads\/2023\/04\/6-300x169.png 300w, https:\/\/ecogreenbiode.com\/wp-content\/uploads\/2023\/04\/6-1024x576.png 1024w, https:\/\/ecogreenbiode.com\/wp-content\/uploads\/2023\/04\/6-768x432.png 768w, https:\/\/ecogreenbiode.com\/wp-content\/uploads\/2023\/04\/6-1536x864.png 1536w\" data-sizes=\"(max-width: 1920px) 100vw, 1920px\" src=\"data:image\/svg+xml;base64,PHN2ZyB3aWR0aD0iMSIgaGVpZ2h0PSIxIiB4bWxucz0iaHR0cDovL3d3dy53My5vcmcvMjAwMC9zdmciPjwvc3ZnPg==\" style=\"--smush-placeholder-width: 1920px; --smush-placeholder-aspect-ratio: 1920\/1080;\" \/><div class=\"wp-block-cover__inner-container is-layout-flow wp-block-cover-is-layout-flow\">\n<div style=\"height:100px\" aria-hidden=\"true\" class=\"wp-block-spacer\"><\/div>\n\n\n\n<h2 class=\"has-text-align-center has-white-color has-text-color wp-block-heading\">El peligro del pl\u00e1stico<\/h2>\n\n\n\n<div style=\"height:32px\" aria-hidden=\"true\" class=\"wp-block-spacer\"><\/div>\n\n\n\n<div class=\"wp-block-columns are-vertically-aligned-center is-layout-flex wp-container-core-columns-is-layout-9d6595d7 wp-block-columns-is-layout-flex\">\n<div class=\"wp-block-column is-layout-flow wp-block-column-is-layout-flow\" style=\"flex-basis:10%\"><\/div>\n\n\n\n<div class=\"wp-block-column is-vertically-aligned-center is-layout-flow wp-block-column-is-layout-flow\" style=\"flex-basis:40%\">\n<p class=\"has-white-color has-text-color\">Estamos comprometidos con el cuidado del medio ambiente, por eso Biodegradables Ecogreen S.A.S. importa y comercializa productos eco-usables elaborados a base de almid\u00f3n de ma\u00edz.<\/p>\n\n\n\n<div style=\"height:20px\" aria-hidden=\"true\" class=\"wp-block-spacer\"><\/div>\n\n\n\n<div class=\"wp-block-buttons is-content-justification-center is-layout-flex wp-container-core-buttons-is-layout-16018d1d wp-block-buttons-is-layout-flex\">\n<div class=\"wp-block-button has-custom-font-size has-medium-font-size\"><a class=\"wp-block-button__link has-black-color has-text-color has-background wp-element-button\" href=\"https:\/\/ecogreenbiode.com\/wp-content\/uploads\/2023\/03\/peligro-plastico.pdf.mp4\" style=\"border-radius:12px;background-color:#a3be97\" target=\"_blank\" rel=\"noreferrer noopener\">El peligro del pl\u00e1stico<\/a><\/div>\n<\/div>\n<\/div>\n\n\n\n<div class=\"wp-block-column is-vertically-aligned-center is-layout-flow wp-block-column-is-layout-flow\" style=\"flex-basis:50%\"><\/div>\n<\/div>\n\n\n\n<div style=\"height:100px\" aria-hidden=\"true\" class=\"wp-block-spacer\"><\/div>\n<\/div><\/div>\n\n\n<div style=\"height:400pxpx;\" class=\"wp-block-themeisle-blocks-leaflet-map\" id=\"wp-block-themeisle-blocks-leaflet-map-32124ff1\"><\/div>\n<script type=\"text\/javascript\">\n\t\/* <![CDATA[ *\/\n\t\tif ( ! window.themeisleLeafletMaps ) window.themeisleLeafletMaps =[];\n\t\twindow.themeisleLeafletMaps.push( { container: \"wp-block-themeisle-blocks-leaflet-map-32124ff1\", attributes: {\"id\":\"wp-block-themeisle-blocks-leaflet-map-32124ff1\",\"location\":\"colombia\",\"latitude\":\"4.3464112753331925\",\"longitude\":\"-74.64111328125001\",\"bbox\":\"-98.12988281250001,-4.434044005032582,-51.15234375,13.025965926333539\",\"zoom\":5,\"markers\":[{\"id\":\"a755316d-7068-4e9f-843c-21bacdfa96b0\",\"latitude\":0.08789059053082422,\"longitude\":-72.64160156250001,\"title\":\"Colombia\",\"description\":\"\"},{\"id\":\"6feb938a-adb2-42a8-a70e-e4a668bb1996\",\"latitude\":-1.3397668,\"longitude\":-79.3666965,\"title\":\"Ecuador\",\"description\":\"\",\"location\":\"Ecuador\"},{\"id\":\"0f80911f-1062-40ae-b7a9-0cd46094b8d8\",\"latitude\":8.559559,\"longitude\":-81.1308434,\"title\":\"Panam\\u00e1\",\"description\":\"\",\"location\":\"panam\\u00e1\"}],\"height\":\"400px\",\"zoomControl\":true,\"draggable\":true,\"hasCustomCSS\":false,\"customCSS\":\"\",\"TrpContentRestriction\":{\"restriction_type\":\"exclude\",\"selected_languages\":[],\"panel_open\":true},\"openPopupId\":\"\",\"otterConditions\":[]} } );\n\t\/* ]]> *\/\n<\/script>\n","protected":false},"excerpt":{"rendered":"<p>NUESTRA MISI\u00d3N Crear cultura y generar conciencia de la importancia del uso de productos y empaques biodegradables, ofreciendo la mejor opci\u00f3n &nbsp;en cuanto a calidad, servicio y cumplimiento.&nbsp; Operamos sobre una plataforma sostenible, adem\u00e1s de capacitar, apoyar e invertir en nuestro recurso humano, y participar activamente en programas y proyectos centrados en el cuidado del [&hellip;]<\/p>\n","protected":false},"author":1,"featured_media":0,"parent":0,"menu_order":0,"comment_status":"closed","ping_status":"closed","template":"","meta":{"_regular_price":[],"currency_symbol":[],"content-type":"","_themeisle_gutenberg_block_has_review":false,"_joinchat":[],"footnotes":""},"class_list":["post-541","page","type-page","status-publish","hentry"],"post_slider_layout_featured_media_urls":{"thumbnail":"","post_slider_layout_landscape_large":"","post_slider_layout_portrait_large":"","post_slider_layout_square_large":"","post_slider_layout_landscape":"","post_slider_layout_portrait":"","post_slider_layout_square":"","full":""},"yoast_head":"<!-- This site is optimized with the Yoast SEO plugin v27.5 - https:\/\/yoast.com\/product\/yoast-seo-wordpress\/ -->\n<title>Informaci\u00f3n Institucional -<\/title>\n<meta name=\"robots\" content=\"index, follow, max-snippet:-1, max-image-preview:large, max-video-preview:-1\" \/>\n<link rel=\"canonical\" href=\"https:\/\/ecogreenbiode.com\/en\/informacion-institucional\/\" \/>\n<meta property=\"og:locale\" content=\"en_US\" \/>\n<meta property=\"og:type\" content=\"article\" \/>\n<meta property=\"og:title\" content=\"Informaci\u00f3n Institucional -\" \/>\n<meta property=\"og:description\" content=\"NUESTRA MISI\u00d3N Crear cultura y generar conciencia de la importancia del uso de productos y empaques biodegradables, ofreciendo la mejor opci\u00f3n &nbsp;en cuanto a calidad, servicio y cumplimiento.&nbsp; Operamos sobre una plataforma sostenible, adem\u00e1s de capacitar, apoyar e invertir en nuestro recurso humano, y participar activamente en programas y proyectos centrados en el cuidado del [&hellip;]\" \/>\n<meta property=\"og:url\" content=\"https:\/\/ecogreenbiode.com\/en\/informacion-institucional\/\" \/>\n<meta property=\"article:publisher\" content=\"https:\/\/www.facebook.com\/biodegradablesecogreen\" \/>\n<meta property=\"article:modified_time\" content=\"2023-04-20T16:10:12+00:00\" \/>\n<meta property=\"og:image\" content=\"https:\/\/ecogreenbiode.com\/wp-content\/uploads\/2023\/04\/6.png\" \/>\n<meta name=\"twitter:card\" content=\"summary_large_image\" \/>\n<meta name=\"twitter:label1\" content=\"Est. reading time\" \/>\n\t<meta name=\"twitter:data1\" content=\"3 minutes\" \/>\n<script type=\"application\/ld+json\" class=\"yoast-schema-graph\">{\"@context\":\"https:\\\/\\\/schema.org\",\"@graph\":[{\"@type\":\"WebPage\",\"@id\":\"https:\\\/\\\/ecogreenbiode.com\\\/informacion-institucional\\\/\",\"url\":\"https:\\\/\\\/ecogreenbiode.com\\\/informacion-institucional\\\/\",\"name\":\"Informaci\u00f3n Institucional -\",\"isPartOf\":{\"@id\":\"https:\\\/\\\/ecogreenbiode.com\\\/#website\"},\"primaryImageOfPage\":{\"@id\":\"https:\\\/\\\/ecogreenbiode.com\\\/informacion-institucional\\\/#primaryimage\"},\"image\":{\"@id\":\"https:\\\/\\\/ecogreenbiode.com\\\/informacion-institucional\\\/#primaryimage\"},\"thumbnailUrl\":\"https:\\\/\\\/ecogreenbiode.com\\\/wp-content\\\/uploads\\\/2023\\\/04\\\/6.png\",\"datePublished\":\"2023-02-08T04:47:15+00:00\",\"dateModified\":\"2023-04-20T16:10:12+00:00\",\"breadcrumb\":{\"@id\":\"https:\\\/\\\/ecogreenbiode.com\\\/informacion-institucional\\\/#breadcrumb\"},\"inLanguage\":\"en-US\",\"potentialAction\":[{\"@type\":\"ReadAction\",\"target\":[\"https:\\\/\\\/ecogreenbiode.com\\\/informacion-institucional\\\/\"]}]},{\"@type\":\"ImageObject\",\"inLanguage\":\"en-US\",\"@id\":\"https:\\\/\\\/ecogreenbiode.com\\\/informacion-institucional\\\/#primaryimage\",\"url\":\"https:\\\/\\\/ecogreenbiode.com\\\/wp-content\\\/uploads\\\/2023\\\/04\\\/6.png\",\"contentUrl\":\"https:\\\/\\\/ecogreenbiode.com\\\/wp-content\\\/uploads\\\/2023\\\/04\\\/6.png\"},{\"@type\":\"BreadcrumbList\",\"@id\":\"https:\\\/\\\/ecogreenbiode.com\\\/informacion-institucional\\\/#breadcrumb\",\"itemListElement\":[{\"@type\":\"ListItem\",\"position\":1,\"name\":\"Inicio\",\"item\":\"https:\\\/\\\/ecogreenbiode.com\\\/\"},{\"@type\":\"ListItem\",\"position\":2,\"name\":\"Informaci\u00f3n Institucional\"}]},{\"@type\":\"WebSite\",\"@id\":\"https:\\\/\\\/ecogreenbiode.com\\\/#website\",\"url\":\"https:\\\/\\\/ecogreenbiode.com\\\/\",\"name\":\"ecogreenbiode.com\",\"description\":\"\",\"publisher\":{\"@id\":\"https:\\\/\\\/ecogreenbiode.com\\\/#organization\"},\"potentialAction\":[{\"@type\":\"SearchAction\",\"target\":{\"@type\":\"EntryPoint\",\"urlTemplate\":\"https:\\\/\\\/ecogreenbiode.com\\\/?s={search_term_string}\"},\"query-input\":{\"@type\":\"PropertyValueSpecification\",\"valueRequired\":true,\"valueName\":\"search_term_string\"}}],\"inLanguage\":\"en-US\"},{\"@type\":\"Organization\",\"@id\":\"https:\\\/\\\/ecogreenbiode.com\\\/#organization\",\"name\":\"Ecogreen Biodegradables\",\"url\":\"https:\\\/\\\/ecogreenbiode.com\\\/\",\"logo\":{\"@type\":\"ImageObject\",\"inLanguage\":\"en-US\",\"@id\":\"https:\\\/\\\/ecogreenbiode.com\\\/#\\\/schema\\\/logo\\\/image\\\/\",\"url\":\"https:\\\/\\\/ecogreenbiode.com\\\/wp-content\\\/uploads\\\/2023\\\/01\\\/cropped-logo-ecogreenxx-1.png\",\"contentUrl\":\"https:\\\/\\\/ecogreenbiode.com\\\/wp-content\\\/uploads\\\/2023\\\/01\\\/cropped-logo-ecogreenxx-1.png\",\"width\":240,\"height\":139,\"caption\":\"Ecogreen Biodegradables\"},\"image\":{\"@id\":\"https:\\\/\\\/ecogreenbiode.com\\\/#\\\/schema\\\/logo\\\/image\\\/\"},\"sameAs\":[\"https:\\\/\\\/www.facebook.com\\\/biodegradablesecogreen\"]}]}<\/script>\n<!-- \/ Yoast SEO plugin. -->","yoast_head_json":{"title":"Informaci\u00f3n Institucional -","robots":{"index":"index","follow":"follow","max-snippet":"max-snippet:-1","max-image-preview":"max-image-preview:large","max-video-preview":"max-video-preview:-1"},"canonical":"https:\/\/ecogreenbiode.com\/en\/informacion-institucional\/","og_locale":"en_US","og_type":"article","og_title":"Informaci\u00f3n Institucional -","og_description":"NUESTRA MISI\u00d3N Crear cultura y generar conciencia de la importancia del uso de productos y empaques biodegradables, ofreciendo la mejor opci\u00f3n &nbsp;en cuanto a calidad, servicio y cumplimiento.&nbsp; Operamos sobre una plataforma sostenible, adem\u00e1s de capacitar, apoyar e invertir en nuestro recurso humano, y participar activamente en programas y proyectos centrados en el cuidado del [&hellip;]","og_url":"https:\/\/ecogreenbiode.com\/en\/informacion-institucional\/","article_publisher":"https:\/\/www.facebook.com\/biodegradablesecogreen","article_modified_time":"2023-04-20T16:10:12+00:00","og_image":[{"url":"https:\/\/ecogreenbiode.com\/wp-content\/uploads\/2023\/04\/6.png","type":"","width":"","height":""}],"twitter_card":"summary_large_image","twitter_misc":{"Est. reading time":"3 minutes"},"schema":{"@context":"https:\/\/schema.org","@graph":[{"@type":"WebPage","@id":"https:\/\/ecogreenbiode.com\/informacion-institucional\/","url":"https:\/\/ecogreenbiode.com\/informacion-institucional\/","name":"Informaci\u00f3n Institucional -","isPartOf":{"@id":"https:\/\/ecogreenbiode.com\/#website"},"primaryImageOfPage":{"@id":"https:\/\/ecogreenbiode.com\/informacion-institucional\/#primaryimage"},"image":{"@id":"https:\/\/ecogreenbiode.com\/informacion-institucional\/#primaryimage"},"thumbnailUrl":"https:\/\/ecogreenbiode.com\/wp-content\/uploads\/2023\/04\/6.png","datePublished":"2023-02-08T04:47:15+00:00","dateModified":"2023-04-20T16:10:12+00:00","breadcrumb":{"@id":"https:\/\/ecogreenbiode.com\/informacion-institucional\/#breadcrumb"},"inLanguage":"en-US","potentialAction":[{"@type":"ReadAction","target":["https:\/\/ecogreenbiode.com\/informacion-institucional\/"]}]},{"@type":"ImageObject","inLanguage":"en-US","@id":"https:\/\/ecogreenbiode.com\/informacion-institucional\/#primaryimage","url":"https:\/\/ecogreenbiode.com\/wp-content\/uploads\/2023\/04\/6.png","contentUrl":"https:\/\/ecogreenbiode.com\/wp-content\/uploads\/2023\/04\/6.png"},{"@type":"BreadcrumbList","@id":"https:\/\/ecogreenbiode.com\/informacion-institucional\/#breadcrumb","itemListElement":[{"@type":"ListItem","position":1,"name":"Inicio","item":"https:\/\/ecogreenbiode.com\/"},{"@type":"ListItem","position":2,"name":"Informaci\u00f3n Institucional"}]},{"@type":"WebSite","@id":"https:\/\/ecogreenbiode.com\/#website","url":"https:\/\/ecogreenbiode.com\/","name":"ecogreenbiode.com","description":"","publisher":{"@id":"https:\/\/ecogreenbiode.com\/#organization"},"potentialAction":[{"@type":"SearchAction","target":{"@type":"EntryPoint","urlTemplate":"https:\/\/ecogreenbiode.com\/?s={search_term_string}"},"query-input":{"@type":"PropertyValueSpecification","valueRequired":true,"valueName":"search_term_string"}}],"inLanguage":"en-US"},{"@type":"Organization","@id":"https:\/\/ecogreenbiode.com\/#organization","name":"Ecogreen Biodegradables","url":"https:\/\/ecogreenbiode.com\/","logo":{"@type":"ImageObject","inLanguage":"en-US","@id":"https:\/\/ecogreenbiode.com\/#\/schema\/logo\/image\/","url":"https:\/\/ecogreenbiode.com\/wp-content\/uploads\/2023\/01\/cropped-logo-ecogreenxx-1.png","contentUrl":"https:\/\/ecogreenbiode.com\/wp-content\/uploads\/2023\/01\/cropped-logo-ecogreenxx-1.png","width":240,"height":139,"caption":"Ecogreen Biodegradables"},"image":{"@id":"https:\/\/ecogreenbiode.com\/#\/schema\/logo\/image\/"},"sameAs":["https:\/\/www.facebook.com\/biodegradablesecogreen"]}]}},"_links":{"self":[{"href":"https:\/\/ecogreenbiode.com\/en\/wp-json\/wp\/v2\/pages\/541","targetHints":{"allow":["GET"]}}],"collection":[{"href":"https:\/\/ecogreenbiode.com\/en\/wp-json\/wp\/v2\/pages"}],"about":[{"href":"https:\/\/ecogreenbiode.com\/en\/wp-json\/wp\/v2\/types\/page"}],"author":[{"embeddable":true,"href":"https:\/\/ecogreenbiode.com\/en\/wp-json\/wp\/v2\/users\/1"}],"replies":[{"embeddable":true,"href":"https:\/\/ecogreenbiode.com\/en\/wp-json\/wp\/v2\/comments?post=541"}],"version-history":[{"count":18,"href":"https:\/\/ecogreenbiode.com\/en\/wp-json\/wp\/v2\/pages\/541\/revisions"}],"predecessor-version":[{"id":1319,"href":"https:\/\/ecogreenbiode.com\/en\/wp-json\/wp\/v2\/pages\/541\/revisions\/1319"}],"wp:attachment":[{"href":"https:\/\/ecogreenbiode.com\/en\/wp-json\/wp\/v2\/media?parent=541"}],"curies":[{"name":"wp","href":"https:\/\/api.w.org\/{rel}","templated":true}]}}